{"id":1503,"date":"2017-09-20T14:30:52","date_gmt":"2017-09-20T14:30:52","guid":{"rendered":"http:\/\/kontiroll.hu\/hu\/?page_id=1503"},"modified":"2022-03-31T15:09:20","modified_gmt":"2022-03-31T15:09:20","slug":"ugyfeleknek","status":"publish","type":"page","link":"http:\/\/kontiroll.hu\/hu\/ugyfeleknek\/","title":{"rendered":"\u00dcgyfeleknek"},"content":{"rendered":"<p>[vc_tta_section title=&#8221;Munkat\u00e1rs bejelent\u00e9s&#8221; tab_id=&#8221;1505918852388-68984e3c-cc65&#8243;][vc_column_text]<br \/>\n<iframe id=\"JotFormIFrame-63333226805957\" style=\"width: 1px; min-width: 100%; height: 1993px; border: none;\" src=\"https:\/\/form.jotform.com\/63333226805957\" frameborder=\"0\" scrolling=\"no\" allowfullscreen=\"allowfullscreen\"><br \/>\n<\/iframe><br \/>\n[\/vc_message][\/vc_tta_section][vc_tta_section title=&#8221;\u00c1SZF&#8221; tab_id=&#8221;1510925011502-3737f128-8367&#8243;][vc_column_text]<a href=\"http:\/\/kontiroll.hu\/hu\/wp-content\/uploads\/2020\/03\/GTC-3.0.pdf\" class=\"pdfemb-viewer\" style=\"\" data-width=\"max\" data-height=\"max\" data-toolbar=\"both\" data-toolbar-fixed=\"on\">GTC-3.0<\/a>[\/vc_column_text][\/vc_tta_section][\/vc_tta_tabs][\/vc_column][\/vc_row]<\/p>\n","protected":false},"excerpt":{"rendered":"<p>[vc_tta_section title=&#8221;Munkat\u00e1rs bejelent\u00e9s&#8221; tab_id=&#8221;1505918852388-68984e3c-cc65&#8243;][vc_column_text]<\/p>\n<p>[\/vc_message][\/vc_tta_section][vc_tta_section title=&#8221;\u00c1SZF&#8221; tab_id=&#8221;1510925011502-3737f128-8367&#8243;][vc_column_text]GTC-3.0[\/vc_column_text][\/vc_tta_section][\/vc_tta_tabs][\/vc_column][\/vc_row]<\/p>\n<p> [&#8230;] <a class=\"wt_read_more\" href=\"http:\/\/kontiroll.hu\/hu\/ugyfeleknek\/\" title=\"Read more\" rel=\"bookmark\">Read more<i class=\"fa-angle-double-right\"><\/i><\/a><\/p>\n","protected":false},"author":2,"featured_media":0,"parent":0,"menu_order":0,"comment_status":"closed","ping_status":"closed","template":"","meta":{"footnotes":""},"class_list":["post-1503","page","type-page","status-publish","hentry"],"_links":{"self":[{"href":"http:\/\/kontiroll.hu\/hu\/wp-json\/wp\/v2\/pages\/1503","targetHints":{"allow":["GET"]}}],"collection":[{"href":"http:\/\/kontiroll.hu\/hu\/wp-json\/wp\/v2\/pages"}],"about":[{"href":"http:\/\/kontiroll.hu\/hu\/wp-json\/wp\/v2\/types\/page"}],"author":[{"embeddable":true,"href":"http:\/\/kontiroll.hu\/hu\/wp-json\/wp\/v2\/users\/2"}],"replies":[{"embeddable":true,"href":"http:\/\/kontiroll.hu\/hu\/wp-json\/wp\/v2\/comments?post=1503"}],"version-history":[{"count":19,"href":"http:\/\/kontiroll.hu\/hu\/wp-json\/wp\/v2\/pages\/1503\/revisions"}],"predecessor-version":[{"id":1606,"href":"http:\/\/kontiroll.hu\/hu\/wp-json\/wp\/v2\/pages\/1503\/revisions\/1606"}],"wp:attachment":[{"href":"http:\/\/kontiroll.hu\/hu\/wp-json\/wp\/v2\/media?parent=1503"}],"curies":[{"name":"wp","href":"https:\/\/api.w.org\/{rel}","templated":true}]}}